{"id":92,"date":"2011-02-09T11:49:55","date_gmt":"2011-02-09T11:49:55","guid":{"rendered":"https:\/\/www.grafchelm.pl\/"},"modified":"2017-02-11T23:36:06","modified_gmt":"2017-02-11T23:36:06","slug":"kontakt","status":"publish","type":"page","link":"https:\/\/www.grafchelm.pl\/en\/kontakt\/","title":{"rendered":"Contact"},"content":{"rendered":"<p><\/p>\n<h2>Company data<\/h2>\n<p>GRAF Sp. z o.o<br \/> NIP: 563-20-23-831<br \/> REGON: 110267198<br \/> KRS: 0000045876<br \/> District Court in Lublin<br \/> (XI Commercial Division of the National Court Register) <br \/> Capital: 3 710 000 z\u0142<\/p>\n<h2>Company address<\/h2>\n<p>22-100 Che\u0142m, Poland (Lubelskie voivodship)<br \/> ul. Po\u0142aniecka 19, 1st floor<br \/> Phone: +48 82 562 02 67<br \/> Fax: +48 81 463 17 96<br \/> Email: <a href=\"mailto:info@grafchelm.pl\">info@grafchelm.pl<\/a><\/p>\n<p>We work from monday to friday from 8am to 4pm.<\/p>\n<\/p>\n<p><\/p>","protected":false},"excerpt":{"rendered":"<p>Company data GRAF Sp. z o.o NIP: 563-20-23-831 REGON: 110267198 KRS: 0000045876 District Court in Lublin (XI Commercial Division of the National Court Register) Capital: 3 710 000 z\u0142 Company address 22-100 Che\u0142m, Poland (Lubelskie voivodship) ul. Po\u0142aniecka 19, 1st &hellip;<\/p>\n<div class=\"more\"><a href=\"https:\/\/www.grafchelm.pl\/en\/kontakt\/\">Read more &raquo;<\/a><\/div>\n","protected":false},"author":7,"featured_media":0,"parent":0,"menu_order":0,"comment_status":"open","ping_status":"open","template":"","meta":[],"aioseo_notices":[],"_links":{"self":[{"href":"https:\/\/www.grafchelm.pl\/en\/wp-json\/wp\/v2\/pages\/92"}],"collection":[{"href":"https:\/\/www.grafchelm.pl\/en\/wp-json\/wp\/v2\/pages"}],"about":[{"href":"https:\/\/www.grafchelm.pl\/en\/wp-json\/wp\/v2\/types\/page"}],"author":[{"embeddable":true,"href":"https:\/\/www.grafchelm.pl\/en\/wp-json\/wp\/v2\/users\/7"}],"replies":[{"embeddable":true,"href":"https:\/\/www.grafchelm.pl\/en\/wp-json\/wp\/v2\/comments?post=92"}],"version-history":[{"count":69,"href":"https:\/\/www.grafchelm.pl\/en\/wp-json\/wp\/v2\/pages\/92\/revisions"}],"predecessor-version":[{"id":894,"href":"https:\/\/www.grafchelm.pl\/en\/wp-json\/wp\/v2\/pages\/92\/revisions\/894"}],"wp:attachment":[{"href":"https:\/\/www.grafchelm.pl\/en\/wp-json\/wp\/v2\/media?parent=92"}],"curies":[{"name":"wp","href":"https:\/\/api.w.org\/{rel}","templated":true}]}}